{"id":146,"date":"2025-12-16T12:05:42","date_gmt":"2025-12-16T11:05:42","guid":{"rendered":"https:\/\/bubmih.bplaced.net\/kroatien\/?page_id=146"},"modified":"2025-12-16T12:05:42","modified_gmt":"2025-12-16T11:05:42","slug":"kroatien-urlaubsort","status":"publish","type":"page","link":"https:\/\/bubmih.bplaced.net\/kroatien\/kroatien-urlaubsort\/","title":{"rendered":"Kroatien Urlaubsort"},"content":{"rendered":"\n<div class=\"wp-block-group alignfull is-style-section-4\" style=\"margin-top:0;margin-bottom:0;padding-top:var(--wp--preset--spacing--60);padding-bottom:var(--wp--preset--spacing--60)\"><div class=\"wp-block-group__inner-container is-layout-constrained wp-block-group-is-layout-constrained\">\n<div class=\"wp-block-columns alignwide is-layout-flex wp-container-core-columns-is-layout-52fe8137 wp-block-columns-is-layout-flex\">\n<div class=\"wp-block-column is-layout-flow wp-block-column-is-layout-flow\" style=\"flex-basis:40%\">\n<figure class=\"wp-block-image size-large\"><img data-opt-id=352812569  fetchpriority=\"high\" decoding=\"async\" width=\"1024\" height=\"681\" src=\"https:\/\/ml7yqefx9h2z.i.optimole.com\/w:1024\/h:681\/q:mauto\/f:best\/https:\/\/bubmih.bplaced.net\/kroatien\/wp-content\/uploads\/2025\/12\/rovinj-istrien-f-210917152-jpg-81113-.jpg\" alt=\"\" class=\"wp-image-148\" srcset=\"https:\/\/ml7yqefx9h2z.i.optimole.com\/w:1024\/h:681\/q:mauto\/f:best\/https:\/\/bubmih.bplaced.net\/kroatien\/wp-content\/uploads\/2025\/12\/rovinj-istrien-f-210917152-jpg-81113-.jpg 1024w, https:\/\/ml7yqefx9h2z.i.optimole.com\/w:300\/h:200\/q:mauto\/f:best\/https:\/\/bubmih.bplaced.net\/kroatien\/wp-content\/uploads\/2025\/12\/rovinj-istrien-f-210917152-jpg-81113-.jpg 300w, https:\/\/ml7yqefx9h2z.i.optimole.com\/w:768\/h:511\/q:mauto\/f:best\/https:\/\/bubmih.bplaced.net\/kroatien\/wp-content\/uploads\/2025\/12\/rovinj-istrien-f-210917152-jpg-81113-.jpg 768w, https:\/\/ml7yqefx9h2z.i.optimole.com\/w:1440\/h:958\/q:mauto\/f:best\/https:\/\/bubmih.bplaced.net\/kroatien\/wp-content\/uploads\/2025\/12\/rovinj-istrien-f-210917152-jpg-81113-.jpg 1440w\" sizes=\"(max-width: 1024px) 100vw, 1024px\" \/><\/figure>\n<\/div>\n\n\n\n<div class=\"wp-block-column is-vertically-aligned-center is-layout-flow wp-block-column-is-layout-flow\" style=\"flex-basis:60%\">\n<h2 class=\"wp-block-heading has-xx-large-font-size\">Istrien<\/h2>\n\n\n\n<p>Istrien liegt am Nordrand der Adriatischen Platte, die auch bei der Entstehung der umgebenden Gebirge, n\u00e4mlich der\u00a0<a href=\"https:\/\/de.wikipedia.org\/wiki\/Alpen\">Alpen<\/a>, des\u00a0<a href=\"https:\/\/de.wikipedia.org\/wiki\/Apennin\">Apennin<\/a>\u00a0und der\u00a0<a href=\"https:\/\/de.wikipedia.org\/wiki\/Dinarisches_Gebirge\">Dinariden<\/a>\u00a0eine zentrale Rolle spielte.\u00a0<\/p>\n\n\n\n<div class=\"wp-block-group is-vertical is-layout-flex wp-container-core-group-is-layout-e9481f73 wp-block-group-is-layout-flex\">\n<p>Fun Fact: <strong><a href=\"https:\/\/www.google.com\/search?q=Dinosaurier&amp;sca_esv=368d236c3a8fb3dd&amp;sxsrf=AE3TifM-R6XFzxyiZfK7ISISAGodqALJYQ%3A1765882515481&amp;ei=kzpBafaIHcGBi-gP6P7JmAM&amp;ved=2ahUKEwj3uqeD-cGRAxXFWf4FHTbRKuoQgK4QegQIAxAB&amp;uact=5&amp;oq=istrien+fun+fact&amp;gs_lp=Egxnd3Mtd2l6LXNlcnAiEGlzdHJpZW4gZnVuIGZhY3QyBhAAGBYYHjILEAAYgAQYhgMYigUyBRAAGO8FMgUQABjvBTIFEAAY7wUyBRAAGO8FMgUQABjvBUivH1DGAliFHXABeAGQAQCYAdMBoAGgCaoBBTAuOC4xuAEDyAEA-AEBmAIKoAKBCsICChAAGLADGNYEGEfCAggQLhiABBjLAcICCBAAGIAEGMsBwgIXEC4YgAQYywEYlwUY3AQY3gQY4ATYAQHCAgoQABiABBgKGMsBwgIFECEYoAHCAgUQIRifBZgDAIgGAZAGCLoGBggBEAEYFJIHBTEuOC4xoAf7QrIHBTAuOC4xuAf4CcIHBTItOC4yyAdLgAgA&amp;sclient=gws-wiz-serp\">Dinosaurier<\/a>-Land:<\/strong>\u00a0Man hat Dinosaurier-Fu\u00dfabdr\u00fccke und Knochen gefunden, besonders bekannt sind die Funde auf den Brijuni-Inseln und am Kap Kamenjak.<\/p>\n<\/div>\n<\/div>\n<\/div>\n<\/div><\/div>\n\n\n\n<div class=\"wp-block-group alignfull is-style-section-5\" style=\"margin-top:0;margin-bottom:0;padding-top:var(--wp--preset--spacing--50);padding-bottom:var(--wp--preset--spacing--50)\"><div class=\"wp-block-group__inner-container is-layout-constrained wp-block-group-is-layout-constrained\">\n<div class=\"wp-block-columns alignwide is-layout-flex wp-container-core-columns-is-layout-a2d7b65f wp-block-columns-is-layout-flex\">\n<div class=\"wp-block-column is-vertically-aligned-center is-layout-flow wp-block-column-is-layout-flow\" style=\"flex-basis:50%\">\n<h2 class=\"wp-block-heading\">Istrien Geologie  <\/h2>\n\n\n\n<p class=\"has-medium-font-size\">Die geologischen Verh\u00e4ltnisse Istriens sind haupts\u00e4chlich von Kalksteinen,\u00a0<a href=\"https:\/\/de.wikipedia.org\/wiki\/Dolomit_(Gestein)\">Dolomiten<\/a>\u00a0und\u00a0<a href=\"https:\/\/de.wikipedia.org\/wiki\/Sandstein\">Sand-<\/a>\u00a0und\u00a0<a href=\"https:\/\/de.wikipedia.org\/wiki\/Mergel\">Mergelsteinen<\/a>\u00a0gepr\u00e4gt. Auf der gesamten Halbinsel zeigen die Landschaften\u00a0<a href=\"https:\/\/de.wikipedia.org\/wiki\/Karst\">Karsterscheinungen<\/a>\u00a0unterschiedlicher Auspr\u00e4gung. Sie stellen eine s\u00fcdlich gerichtete Fortsetzung dieser im Triester Karst beginnenden Strukturen dar. Auf Istrien sind \u00fcber 2000 H\u00f6hlen nachgewiesen.<\/p>\n<\/div>\n\n\n\n<div class=\"wp-block-column is-vertically-aligned-center is-layout-flow wp-block-column-is-layout-flow\" style=\"flex-basis:50%\">\n<figure class=\"wp-block-image size-full\"><img data-opt-id=528758396  fetchpriority=\"high\" decoding=\"async\" width=\"2500\" height=\"1667\" src=\"https:\/\/ml7yqefx9h2z.i.optimole.com\/w:auto\/h:auto\/q:mauto\/f:best\/https:\/\/bubmih.bplaced.net\/kroatien\/wp-content\/uploads\/2025\/12\/kroatien-rovinj-istrien.jpg\" alt=\"\" class=\"wp-image-152\" style=\"aspect-ratio:1;object-fit:cover\" srcset=\"https:\/\/ml7yqefx9h2z.i.optimole.com\/w:1920\/h:1280\/q:mauto\/f:best\/https:\/\/bubmih.bplaced.net\/kroatien\/wp-content\/uploads\/2025\/12\/kroatien-rovinj-istrien.jpg 2500w, https:\/\/ml7yqefx9h2z.i.optimole.com\/w:300\/h:200\/q:mauto\/f:best\/https:\/\/bubmih.bplaced.net\/kroatien\/wp-content\/uploads\/2025\/12\/kroatien-rovinj-istrien.jpg 300w, https:\/\/ml7yqefx9h2z.i.optimole.com\/w:1024\/h:683\/q:mauto\/f:best\/https:\/\/bubmih.bplaced.net\/kroatien\/wp-content\/uploads\/2025\/12\/kroatien-rovinj-istrien.jpg 1024w, https:\/\/ml7yqefx9h2z.i.optimole.com\/w:768\/h:512\/q:mauto\/f:best\/https:\/\/bubmih.bplaced.net\/kroatien\/wp-content\/uploads\/2025\/12\/kroatien-rovinj-istrien.jpg 768w, https:\/\/ml7yqefx9h2z.i.optimole.com\/w:1536\/h:1024\/q:mauto\/f:best\/https:\/\/bubmih.bplaced.net\/kroatien\/wp-content\/uploads\/2025\/12\/kroatien-rovinj-istrien.jpg 1536w, https:\/\/ml7yqefx9h2z.i.optimole.com\/w:1920\/h:1280\/q:mauto\/f:best\/https:\/\/bubmih.bplaced.net\/kroatien\/wp-content\/uploads\/2025\/12\/kroatien-rovinj-istrien.jpg 2048w\" sizes=\"(max-width: 1160px) 100vw, 1160px\" \/><\/figure>\n<\/div>\n<\/div>\n<\/div><\/div>\n\n\n\n<div class=\"wp-block-group alignfull\" style=\"margin-top:0;margin-bottom:0;padding-top:var(--wp--preset--spacing--50);padding-bottom:var(--wp--preset--spacing--50)\"><div class=\"wp-block-group__inner-container is-layout-constrained wp-block-group-is-layout-constrained\">\n<div class=\"wp-block-group alignwide is-content-justification-space-between is-layout-flex wp-container-core-group-is-layout-e3bc7287 wp-block-group-is-layout-flex\">\n<h2 class=\"wp-block-heading alignwide has-text-align-left is-style-text-subtitle has-x-large-font-size\">Erkunde noch ein paar Orte in Kroatien<\/h2>\n\n\n\n<p class=\"is-style-text-annotation\">Kroatien Urlaub<\/p>\n<\/div>\n\n\n\n<div class=\"wp-block-group alignwide is-layout-grid wp-container-core-group-is-layout-54bb1485 wp-block-group-is-layout-grid\">\n<figure class=\"wp-block-image\"><img data-opt-id=1074629728  data-opt-src=\"https:\/\/ml7yqefx9h2z.i.optimole.com\/w:auto\/h:auto\/q:mauto\/f:best\/https:\/\/bubmih.bplaced.net\/kroatien\/wp-content\/uploads\/2025\/12\/ravnik-1.jpg\"  decoding=\"async\" width=\"2560\" height=\"1706\" src=\"data:image/svg+xml,%3Csvg%20viewBox%3D%220%200%20100%%20100%%22%20width%3D%22100%%22%20height%3D%22100%%22%20xmlns%3D%22http%3A%2F%2Fwww.w3.org%2F2000%2Fsvg%22%3E%3Crect%20width%3D%22100%%22%20height%3D%22100%%22%20fill%3D%22transparent%22%2F%3E%3C%2Fsvg%3E\" alt=\"\" class=\"wp-image-157\" old-srcset=\"https:\/\/ml7yqefx9h2z.i.optimole.com\/w:1920\/h:1279\/q:mauto\/f:best\/https:\/\/bubmih.bplaced.net\/kroatien\/wp-content\/uploads\/2025\/12\/ravnik-1.jpg 2560w, https:\/\/ml7yqefx9h2z.i.optimole.com\/w:300\/h:200\/q:mauto\/f:best\/https:\/\/bubmih.bplaced.net\/kroatien\/wp-content\/uploads\/2025\/12\/ravnik-1.jpg 300w, https:\/\/ml7yqefx9h2z.i.optimole.com\/w:1024\/h:682\/q:mauto\/f:best\/https:\/\/bubmih.bplaced.net\/kroatien\/wp-content\/uploads\/2025\/12\/ravnik-1.jpg 1024w, https:\/\/ml7yqefx9h2z.i.optimole.com\/w:768\/h:512\/q:mauto\/f:best\/https:\/\/bubmih.bplaced.net\/kroatien\/wp-content\/uploads\/2025\/12\/ravnik-1.jpg 768w, https:\/\/ml7yqefx9h2z.i.optimole.com\/w:1536\/h:1024\/q:mauto\/f:best\/https:\/\/bubmih.bplaced.net\/kroatien\/wp-content\/uploads\/2025\/12\/ravnik-1.jpg 1536w, https:\/\/ml7yqefx9h2z.i.optimole.com\/w:1920\/h:1279\/q:mauto\/f:best\/https:\/\/bubmih.bplaced.net\/kroatien\/wp-content\/uploads\/2025\/12\/ravnik-1.jpg 2048w\" \/><figcaption class=\"wp-element-caption\"> Insel Ravnik in Kroatien<\/figcaption><\/figure>\n\n\n\n<figure class=\"wp-block-image\"><img data-opt-id=1729614170  data-opt-src=\"https:\/\/ml7yqefx9h2z.i.optimole.com\/w:auto\/h:auto\/q:mauto\/f:best\/https:\/\/bubmih.bplaced.net\/kroatien\/wp-content\/uploads\/2025\/12\/arenapula-1.jpg\"  decoding=\"async\" width=\"2560\" height=\"1271\" src=\"data:image/svg+xml,%3Csvg%20viewBox%3D%220%200%20100%%20100%%22%20width%3D%22100%%22%20height%3D%22100%%22%20xmlns%3D%22http%3A%2F%2Fwww.w3.org%2F2000%2Fsvg%22%3E%3Crect%20width%3D%22100%%22%20height%3D%22100%%22%20fill%3D%22transparent%22%2F%3E%3C%2Fsvg%3E\" alt=\"\" class=\"wp-image-159\" old-srcset=\"https:\/\/ml7yqefx9h2z.i.optimole.com\/w:1920\/h:953\/q:mauto\/f:best\/https:\/\/bubmih.bplaced.net\/kroatien\/wp-content\/uploads\/2025\/12\/arenapula-1.jpg 2560w, https:\/\/ml7yqefx9h2z.i.optimole.com\/w:300\/h:149\/q:mauto\/f:best\/https:\/\/bubmih.bplaced.net\/kroatien\/wp-content\/uploads\/2025\/12\/arenapula-1.jpg 300w, https:\/\/ml7yqefx9h2z.i.optimole.com\/w:1024\/h:508\/q:mauto\/f:best\/https:\/\/bubmih.bplaced.net\/kroatien\/wp-content\/uploads\/2025\/12\/arenapula-1.jpg 1024w, https:\/\/ml7yqefx9h2z.i.optimole.com\/w:768\/h:381\/q:mauto\/f:best\/https:\/\/bubmih.bplaced.net\/kroatien\/wp-content\/uploads\/2025\/12\/arenapula-1.jpg 768w, https:\/\/ml7yqefx9h2z.i.optimole.com\/w:1536\/h:763\/q:mauto\/f:best\/https:\/\/bubmih.bplaced.net\/kroatien\/wp-content\/uploads\/2025\/12\/arenapula-1.jpg 1536w, https:\/\/ml7yqefx9h2z.i.optimole.com\/w:1920\/h:953\/q:mauto\/f:best\/https:\/\/bubmih.bplaced.net\/kroatien\/wp-content\/uploads\/2025\/12\/arenapula-1.jpg 2048w\" \/><figcaption class=\"wp-element-caption\">Amphitheater Pula<\/figcaption><\/figure>\n\n\n\n<figure class=\"wp-block-image\"><img data-opt-id=907445616  data-opt-src=\"https:\/\/ml7yqefx9h2z.i.optimole.com\/w:auto\/h:auto\/q:mauto\/f:best\/https:\/\/bubmih.bplaced.net\/kroatien\/wp-content\/uploads\/2025\/12\/dubrovnik-1.jpg\"  decoding=\"async\" width=\"2560\" height=\"1707\" src=\"data:image/svg+xml,%3Csvg%20viewBox%3D%220%200%20100%%20100%%22%20width%3D%22100%%22%20height%3D%22100%%22%20xmlns%3D%22http%3A%2F%2Fwww.w3.org%2F2000%2Fsvg%22%3E%3Crect%20width%3D%22100%%22%20height%3D%22100%%22%20fill%3D%22transparent%22%2F%3E%3C%2Fsvg%3E\" alt=\"\" class=\"wp-image-161\" old-srcset=\"https:\/\/ml7yqefx9h2z.i.optimole.com\/w:1920\/h:1280\/q:mauto\/f:best\/https:\/\/bubmih.bplaced.net\/kroatien\/wp-content\/uploads\/2025\/12\/dubrovnik-1.jpg 2560w, https:\/\/ml7yqefx9h2z.i.optimole.com\/w:300\/h:200\/q:mauto\/f:best\/https:\/\/bubmih.bplaced.net\/kroatien\/wp-content\/uploads\/2025\/12\/dubrovnik-1.jpg 300w, https:\/\/ml7yqefx9h2z.i.optimole.com\/w:1024\/h:683\/q:mauto\/f:best\/https:\/\/bubmih.bplaced.net\/kroatien\/wp-content\/uploads\/2025\/12\/dubrovnik-1.jpg 1024w, https:\/\/ml7yqefx9h2z.i.optimole.com\/w:768\/h:512\/q:mauto\/f:best\/https:\/\/bubmih.bplaced.net\/kroatien\/wp-content\/uploads\/2025\/12\/dubrovnik-1.jpg 768w, https:\/\/ml7yqefx9h2z.i.optimole.com\/w:1536\/h:1024\/q:mauto\/f:best\/https:\/\/bubmih.bplaced.net\/kroatien\/wp-content\/uploads\/2025\/12\/dubrovnik-1.jpg 1536w, https:\/\/ml7yqefx9h2z.i.optimole.com\/w:1920\/h:1280\/q:mauto\/f:best\/https:\/\/bubmih.bplaced.net\/kroatien\/wp-content\/uploads\/2025\/12\/dubrovnik-1.jpg 2048w\" \/><figcaption class=\"wp-element-caption\">Altstadt von Dubrovnik<\/figcaption><\/figure>\n<\/div>\n<\/div><\/div>\n\n\n\n<aside class=\"wp-block-group alignfull is-style-section-3\" style=\"margin-top:0;margin-bottom:0;padding-top:var(--wp--preset--spacing--50);padding-right:var(--wp--preset--spacing--50);padding-bottom:var(--wp--preset--spacing--50);padding-left:var(--wp--preset--spacing--50)\"><div class=\"wp-block-group__inner-container is-layout-constrained wp-container-core-group-is-layout-f69f53e0 wp-block-group-is-layout-constrained\">\n<div class=\"wp-block-group is-vertical is-content-justification-center is-layout-flex wp-container-core-group-is-layout-2e2aa035 wp-block-group-is-layout-flex\" style=\"min-height:360px;margin-top:0;margin-bottom:0\">\n<h2 class=\"wp-block-heading has-text-align-center has-xx-large-font-size\">Melde dich an, um mehr Infos und Angebote bei unsere Urlaubresorts zu erfahren<\/h2>\n\n\n\n<p class=\"has-text-align-center is-style-text-subtitle\"><\/p>\n\n\n\n<div style=\"height:0px\" aria-hidden=\"true\" class=\"wp-block-spacer wp-container-content-62aae154\"><\/div>\n\n\n\n<div class=\"wp-block-buttons is-content-justification-center is-layout-flex wp-container-core-buttons-is-layout-16018d1d wp-block-buttons-is-layout-flex\">\n<div class=\"wp-block-button\"><a class=\"wp-block-button__link has-text-align-center wp-element-button\">Anmelden<\/a><\/div>\n<\/div>\n<\/div>\n<\/div><\/aside>\n","protected":false},"excerpt":{"rendered":"<p>Istrien Istrien liegt am Nordrand der Adriatischen Platte, die auch bei der Entstehung der umgebenden Gebirge, n\u00e4mlich der\u00a0Alpen, des\u00a0Apennin\u00a0und der\u00a0Dinariden\u00a0eine zentrale Rolle spielte.\u00a0 Fun Fact: Dinosaurier-Land:\u00a0Man hat Dinosaurier-Fu\u00dfabdr\u00fccke und Knochen gefunden, besonders bekannt sind die Funde auf den Brijuni-Inseln und am Kap Kamenjak. Istrien Geologie Die geologischen Verh\u00e4ltnisse Istriens sind haupts\u00e4chlich von Kalksteinen,\u00a0Dolomiten\u00a0und\u00a0Sand-\u00a0und\u00a0Mergelsteinen\u00a0gepr\u00e4gt. Auf der [&hellip;]<\/p>\n","protected":false},"author":1,"featured_media":0,"parent":0,"menu_order":0,"comment_status":"closed","ping_status":"closed","template":"","meta":{"footnotes":""},"class_list":["post-146","page","type-page","status-publish","hentry"],"_links":{"self":[{"href":"https:\/\/bubmih.bplaced.net\/kroatien\/wp-json\/wp\/v2\/pages\/146","targetHints":{"allow":["GET"]}}],"collection":[{"href":"https:\/\/bubmih.bplaced.net\/kroatien\/wp-json\/wp\/v2\/pages"}],"about":[{"href":"https:\/\/bubmih.bplaced.net\/kroatien\/wp-json\/wp\/v2\/types\/page"}],"author":[{"embeddable":true,"href":"https:\/\/bubmih.bplaced.net\/kroatien\/wp-json\/wp\/v2\/users\/1"}],"replies":[{"embeddable":true,"href":"https:\/\/bubmih.bplaced.net\/kroatien\/wp-json\/wp\/v2\/comments?post=146"}],"version-history":[{"count":13,"href":"https:\/\/bubmih.bplaced.net\/kroatien\/wp-json\/wp\/v2\/pages\/146\/revisions"}],"predecessor-version":[{"id":164,"href":"https:\/\/bubmih.bplaced.net\/kroatien\/wp-json\/wp\/v2\/pages\/146\/revisions\/164"}],"wp:attachment":[{"href":"https:\/\/bubmih.bplaced.net\/kroatien\/wp-json\/wp\/v2\/media?parent=146"}],"curies":[{"name":"wp","href":"https:\/\/api.w.org\/{rel}","templated":true}]}}